{"id":174,"date":"2017-08-28T07:19:08","date_gmt":"2017-08-28T10:19:08","guid":{"rendered":"http:\/\/celuladecarga.com.br\/17\/?page_id=174"},"modified":"2019-01-10T15:12:03","modified_gmt":"2019-01-10T17:12:03","slug":"conceitos","status":"publish","type":"page","link":"http:\/\/celuladecarga.com.br\/17\/conceitos\/","title":{"rendered":"Conceitos"},"content":{"rendered":"<ul>\n<li id=\"menu-item-284\" class=\"menu-item menu-item-type-post_type menu-item-object-page menu-item-284\"><a href=\"http:\/\/celuladecarga.com.br\/17\/o-que-e-um-transdutor\/\">O que \u00e9 um transdutor?<\/a><\/li>\n<li id=\"menu-item-285\" class=\"menu-item menu-item-type-post_type menu-item-object-page menu-item-285\"><a href=\"http:\/\/celuladecarga.com.br\/17\/sensores-de-forca\/\">Sensores de For\u00e7a<\/a><\/li>\n<li id=\"menu-item-299\" class=\"menu-item menu-item-type-post_type menu-item-object-page menu-item-299\"><a href=\"http:\/\/celuladecarga.com.br\/17\/celulas-de-carga\/\">C\u00e9lulas de Carga<\/a><\/li>\n<li id=\"menu-item-286\" class=\"menu-item menu-item-type-post_type menu-item-object-page menu-item-286\"><a href=\"http:\/\/celuladecarga.com.br\/17\/modelos\/\">Modelos<\/a><\/li>\n<li id=\"menu-item-298\" class=\"menu-item menu-item-type-post_type menu-item-object-page menu-item-298\"><a href=\"http:\/\/celuladecarga.com.br\/17\/strain-gages-extensometros-eletricos\/\">Strain Gages<\/a><\/li>\n<li id=\"menu-item-418\" class=\"menu-item menu-item-type-post_type menu-item-object-page menu-item-418\"><a href=\"http:\/\/celuladecarga.com.br\/17\/pesos-padrao\/\">Pesos Padr\u00e3o<\/a><\/li>\n<\/ul>\n","protected":false},"excerpt":{"rendered":"<p>O que \u00e9 um transdutor? Sensores de For\u00e7a C\u00e9lulas de Carga Modelos Strain Gages Pesos Padr\u00e3o<\/p>\n","protected":false},"author":1,"featured_media":0,"parent":0,"menu_order":0,"comment_status":"closed","ping_status":"closed","template":"","meta":{"om_disable_all_campaigns":false,"_monsterinsights_skip_tracking":false,"_monsterinsights_sitenote_active":false,"_monsterinsights_sitenote_note":"","_monsterinsights_sitenote_category":0,"_joinchat":[],"footnotes":""},"class_list":["post-174","page","type-page","status-publish","hentry"],"aioseo_notices":[],"_links":{"self":[{"href":"http:\/\/celuladecarga.com.br\/17\/wp-json\/wp\/v2\/pages\/174","targetHints":{"allow":["GET"]}}],"collection":[{"href":"http:\/\/celuladecarga.com.br\/17\/wp-json\/wp\/v2\/pages"}],"about":[{"href":"http:\/\/celuladecarga.com.br\/17\/wp-json\/wp\/v2\/types\/page"}],"author":[{"embeddable":true,"href":"http:\/\/celuladecarga.com.br\/17\/wp-json\/wp\/v2\/users\/1"}],"replies":[{"embeddable":true,"href":"http:\/\/celuladecarga.com.br\/17\/wp-json\/wp\/v2\/comments?post=174"}],"version-history":[{"count":3,"href":"http:\/\/celuladecarga.com.br\/17\/wp-json\/wp\/v2\/pages\/174\/revisions"}],"predecessor-version":[{"id":432,"href":"http:\/\/celuladecarga.com.br\/17\/wp-json\/wp\/v2\/pages\/174\/revisions\/432"}],"wp:attachment":[{"href":"http:\/\/celuladecarga.com.br\/17\/wp-json\/wp\/v2\/media?parent=174"}],"curies":[{"name":"wp","href":"https:\/\/api.w.org\/{rel}","templated":true}]}}