{"id":265,"date":"2019-01-08T16:30:25","date_gmt":"2019-01-08T18:30:25","guid":{"rendered":"http:\/\/celuladecarga.com.br\/17\/?page_id=265"},"modified":"2019-01-17T11:25:04","modified_gmt":"2019-01-17T13:25:04","slug":"sensores-de-forca","status":"publish","type":"page","link":"http:\/\/celuladecarga.com.br\/17\/sensores-de-forca\/","title":{"rendered":"Sensores de For\u00e7a"},"content":{"rendered":"<p style=\"text-align: justify;\">Os <strong>sensores de for\u00e7a<\/strong> podem ser\u00a0 de 1 , 2, 3 componentes e com capacidades de -1000KN a 1200KN.<br \/>\nSensibilidade: pC\/N<br \/>\nUnidade el\u00e9trica de carga: 1 Coulomb corresponde a 1 Ampere-segundo (1 C= 1 As).<\/p>\n<p style=\"text-align: justify;\"><strong>1<\/strong>. Componente -medem uma for\u00e7a de compress\u00e3o ou tens\u00e3o em uma dire\u00e7\u00e3o (\u00b1Fz) ou For\u00e7a de cisalhamento (\u00b1Fy)<br \/>\n<img decoding=\"async\" class=\"alignnone size-full wp-image-271\" src=\"http:\/\/celuladecarga.com.br\/17\/wp-content\/uploads\/2019\/01\/fzfy.png\" alt=\"\" width=\"280\" height=\"118\" \/><\/p>\n<p style=\"text-align: justify;\"><strong>2<\/strong>. Componentes &#8211; medem for\u00e7as de compress\u00e3o e tens\u00e3o (\u00b1Fz) e ao mesmo tempo os as rea\u00e7\u00f5es de torque positivo e negativo (\u00b1Mz)<br \/>\n<img decoding=\"async\" class=\"alignnone size-full wp-image-273\" src=\"http:\/\/celuladecarga.com.br\/17\/wp-content\/uploads\/2019\/01\/fzmz.png\" alt=\"\" width=\"107\" height=\"134\" \/><\/p>\n<p style=\"text-align: justify;\"><strong>3<\/strong>. Componentes &#8211; medem 3 for\u00e7as ortogonais ( Fx, Fy e Fz) ao mesmo tempo.Esses sensores capitam for\u00e7as de compress\u00e3o e tens\u00e3o (\u00b1Fz) como tamb\u00e9m for\u00e7as de cisalhamento positivas e negativas (\u00b1Fx e \u00b1Fy).<br \/>\n<img decoding=\"async\" class=\"alignnone size-full wp-image-275\" src=\"http:\/\/celuladecarga.com.br\/17\/wp-content\/uploads\/2019\/01\/fxfy.png\" alt=\"\" width=\"200\" height=\"131\" \/><\/p>\n<p style=\"text-align: justify;\"><strong>Dinam\u00f4metros<\/strong>: S\u00e3o baseados em 3 componentes montados entre duas bases.Pode capturar 3 for\u00e7as ortogonais(Fx, Fy e Fz) ao mesmo tempo e\u00a0 conhecendo o posicionamento de 4 sensores, \u00e9 poss\u00edvel calcular os torques (Mx, My e Mz).<br \/>\n<img loading=\"lazy\" decoding=\"async\" class=\"alignnone size-full wp-image-278\" src=\"http:\/\/celuladecarga.com.br\/17\/wp-content\/uploads\/2019\/01\/dinaxyz.png\" alt=\"\" width=\"231\" height=\"151\" \/><\/p>\n<p style=\"text-align: justify;\"><strong>Medidor de Deforma\u00e7\u00e3o: <\/strong>Toda for\u00e7a gera deforma\u00e7\u00e3o de uma estrutura que \u00e9 poss\u00edvel ser medida por um medidor de deforma\u00e7\u00e3o piezoel\u00e9trico, o qual \u00e9 instalado na superf\u00edcie de uma estrutura.<br \/>\nS\u00edmbolo: \u0190<br \/>\nUnidade de leitura: \u00b5m\/m<br \/>\n<img loading=\"lazy\" decoding=\"async\" class=\"alignnone size-full wp-image-280\" src=\"http:\/\/celuladecarga.com.br\/17\/wp-content\/uploads\/2019\/01\/kistlermed.png\" alt=\"\" width=\"216\" height=\"143\" \/><\/p>\n<p style=\"text-align: justify;\"><strong>Amplificadores de carga<\/strong>: Leitura de sensores de carga.<br \/>\nA carga produzida por um sensor piezoel\u00e9trico \u00e9 uma vari\u00e1vel que \u00e9 dif\u00edcil de acessar para medi\u00e7\u00e3o. Por esta raz\u00e3o, uma eletr\u00f4nica \u00e9 conectada ao sensor para converter o sinal de carga em um sinal de tens\u00e3o.<br \/>\nUnidade el\u00e9trica de carga: 1 Coulomb corresponde a 1 Ampere-segundo (1 C= 1 As).<br \/>\n<img loading=\"lazy\" decoding=\"async\" class=\"alignnone size-medium wp-image-282\" src=\"http:\/\/celuladecarga.com.br\/17\/wp-content\/uploads\/2019\/01\/ampcarga-300x119.png\" alt=\"\" width=\"300\" height=\"119\" srcset=\"http:\/\/celuladecarga.com.br\/17\/wp-content\/uploads\/2019\/01\/ampcarga-300x119.png 300w, http:\/\/celuladecarga.com.br\/17\/wp-content\/uploads\/2019\/01\/ampcarga.png 627w\" sizes=\"(max-width: 300px) 100vw, 300px\" \/><\/p>\n<p style=\"text-align: right;\"><span style=\"color: #999999;\"><em>Obs.: As fotos acima correspondem a produtos de fabrica\u00e7\u00e3o da Kistler Group \/ Sui\u00e7a<\/em><\/span><\/p>\n","protected":false},"excerpt":{"rendered":"<p>Os sensores de for\u00e7a podem ser\u00a0 de 1 , 2, 3 componentes e com capacidades de -1000KN a 1200KN. Sensibilidade: pC\/N Unidade el\u00e9trica de carga: 1 Coulomb corresponde a 1 Ampere-segundo (1 C= 1 As). 1. Componente -medem uma for\u00e7a de compress\u00e3o ou tens\u00e3o em uma dire\u00e7\u00e3o (\u00b1Fz) ou For\u00e7a de cisalhamento (\u00b1Fy) 2. Componentes [&hellip;]<\/p>\n","protected":false},"author":1,"featured_media":0,"parent":0,"menu_order":0,"comment_status":"closed","ping_status":"closed","template":"","meta":{"om_disable_all_campaigns":false,"_monsterinsights_skip_tracking":false,"_monsterinsights_sitenote_active":false,"_monsterinsights_sitenote_note":"","_monsterinsights_sitenote_category":0,"_joinchat":[],"footnotes":""},"class_list":["post-265","page","type-page","status-publish","hentry"],"aioseo_notices":[],"_links":{"self":[{"href":"http:\/\/celuladecarga.com.br\/17\/wp-json\/wp\/v2\/pages\/265","targetHints":{"allow":["GET"]}}],"collection":[{"href":"http:\/\/celuladecarga.com.br\/17\/wp-json\/wp\/v2\/pages"}],"about":[{"href":"http:\/\/celuladecarga.com.br\/17\/wp-json\/wp\/v2\/types\/page"}],"author":[{"embeddable":true,"href":"http:\/\/celuladecarga.com.br\/17\/wp-json\/wp\/v2\/users\/1"}],"replies":[{"embeddable":true,"href":"http:\/\/celuladecarga.com.br\/17\/wp-json\/wp\/v2\/comments?post=265"}],"version-history":[{"count":12,"href":"http:\/\/celuladecarga.com.br\/17\/wp-json\/wp\/v2\/pages\/265\/revisions"}],"predecessor-version":[{"id":520,"href":"http:\/\/celuladecarga.com.br\/17\/wp-json\/wp\/v2\/pages\/265\/revisions\/520"}],"wp:attachment":[{"href":"http:\/\/celuladecarga.com.br\/17\/wp-json\/wp\/v2\/media?parent=265"}],"curies":[{"name":"wp","href":"https:\/\/api.w.org\/{rel}","templated":true}]}}