{"id":267,"date":"2019-01-08T16:31:26","date_gmt":"2019-01-08T18:31:26","guid":{"rendered":"http:\/\/celuladecarga.com.br\/17\/?page_id=267"},"modified":"2019-01-08T21:36:30","modified_gmt":"2019-01-08T23:36:30","slug":"o-que-e-um-transdutor","status":"publish","type":"page","link":"http:\/\/celuladecarga.com.br\/17\/o-que-e-um-transdutor\/","title":{"rendered":"O que \u00e9 um transdutor?"},"content":{"rendered":"<p style=\"text-align: justify;\">\u00c9 um dispositivo (elemento sensor) que transforma uma grandeza f\u00edsica (for\u00e7a, press\u00e3o, torque, velocidade, acelera\u00e7\u00e3o, posi\u00e7\u00e3o, temperatura, pH, entre outros) em um sinal el\u00e9trico (corrente, tens\u00e3o, resist\u00eancia).<!--more--><br \/>\nEsses transdutores (elementos sensores) podem ser de v\u00e1rias tecnologias com princ\u00edpios de funcionamento distintos: hidr\u00e1ulico, pneum\u00e1tico, strain gage, piezoel\u00e9trico e capacitivo.<\/p>\n<p style=\"text-align: justify;\"><strong>O que s\u00e3o Transdutores de For\u00e7a ?<\/strong><br \/>\nOs transdutores de for\u00e7a podem ser de duas tecnologias dependendo do tipo de medi\u00e7\u00e3o:<br \/>\n<strong>Est\u00e1tica ou Din\u00e2mica<\/strong><\/p>\n<ul>\n<li style=\"text-align: justify;\"><strong>Medi\u00e7\u00e3o Din\u00e2mica &#8211; Tecnologia Piezoel\u00e9trica &#8211; Sensores de for\u00e7a :<\/strong> apresentam pequeno desvio de leitura da for\u00e7a quando for\u00e7as alta s\u00e3o aplicadas. Destinados \u00e0 medi\u00e7\u00e3o de for\u00e7as din\u00e2micas.<\/li>\n<li style=\"text-align: justify;\"><strong>Medi\u00e7\u00e3o Est\u00e1tica &#8211; Tecnologia Strain Gage &#8211; C\u00e9lulas de carga: <\/strong>S\u00e3o est\u00e1veis em rela\u00e7\u00e3o a uma for\u00e7a aplicada em medi\u00e7\u00f5es de longo per\u00edodo de tempo. Destinados \u00e0 medi\u00e7\u00e3o de for\u00e7as est\u00e1ticas.<\/li>\n<\/ul>\n<p>Veja gr\u00e1fico abaixo:<\/p>\n<figure id=\"attachment_262\" aria-describedby=\"caption-attachment-262\" style=\"width: 300px\" class=\"wp-caption alignleft\"><img fetchpriority=\"high\" decoding=\"async\" class=\"wp-image-262 size-medium\" src=\"http:\/\/celuladecarga.com.br\/17\/wp-content\/uploads\/2017\/08\/grafico_strainxpz-300x189.png\" alt=\"\" width=\"300\" height=\"189\" srcset=\"http:\/\/celuladecarga.com.br\/17\/wp-content\/uploads\/2017\/08\/grafico_strainxpz-300x189.png 300w, http:\/\/celuladecarga.com.br\/17\/wp-content\/uploads\/2017\/08\/grafico_strainxpz.png 399w\" sizes=\"(max-width: 300px) 100vw, 300px\" \/><figcaption id=\"caption-attachment-262\" class=\"wp-caption-text\">fonte: Cat\u00e1logo Test &amp; Measurement Force and Strain &#8211; Kistler Group<\/figcaption><\/figure>\n<p>&nbsp;<\/p>\n","protected":false},"excerpt":{"rendered":"<p>\u00c9 um dispositivo (elemento sensor) que transforma uma grandeza f\u00edsica (for\u00e7a, press\u00e3o, torque, velocidade, acelera\u00e7\u00e3o, posi\u00e7\u00e3o, temperatura, pH, entre outros) em um sinal el\u00e9trico (corrente, tens\u00e3o, resist\u00eancia).<\/p>\n","protected":false},"author":1,"featured_media":0,"parent":0,"menu_order":0,"comment_status":"closed","ping_status":"closed","template":"","meta":{"om_disable_all_campaigns":false,"_monsterinsights_skip_tracking":false,"_monsterinsights_sitenote_active":false,"_monsterinsights_sitenote_note":"","_monsterinsights_sitenote_category":0,"_joinchat":[],"footnotes":""},"class_list":["post-267","page","type-page","status-publish","hentry"],"aioseo_notices":[],"_links":{"self":[{"href":"http:\/\/celuladecarga.com.br\/17\/wp-json\/wp\/v2\/pages\/267","targetHints":{"allow":["GET"]}}],"collection":[{"href":"http:\/\/celuladecarga.com.br\/17\/wp-json\/wp\/v2\/pages"}],"about":[{"href":"http:\/\/celuladecarga.com.br\/17\/wp-json\/wp\/v2\/types\/page"}],"author":[{"embeddable":true,"href":"http:\/\/celuladecarga.com.br\/17\/wp-json\/wp\/v2\/users\/1"}],"replies":[{"embeddable":true,"href":"http:\/\/celuladecarga.com.br\/17\/wp-json\/wp\/v2\/comments?post=267"}],"version-history":[{"count":3,"href":"http:\/\/celuladecarga.com.br\/17\/wp-json\/wp\/v2\/pages\/267\/revisions"}],"predecessor-version":[{"id":360,"href":"http:\/\/celuladecarga.com.br\/17\/wp-json\/wp\/v2\/pages\/267\/revisions\/360"}],"wp:attachment":[{"href":"http:\/\/celuladecarga.com.br\/17\/wp-json\/wp\/v2\/media?parent=267"}],"curies":[{"name":"wp","href":"https:\/\/api.w.org\/{rel}","templated":true}]}}