{"id":37,"date":"2017-08-24T19:31:10","date_gmt":"2017-08-24T22:31:10","guid":{"rendered":"http:\/\/celuladecarga.com.br\/17\/?page_id=37"},"modified":"2019-01-09T09:55:11","modified_gmt":"2019-01-09T11:55:11","slug":"aplicacoes","status":"publish","type":"page","link":"http:\/\/celuladecarga.com.br\/17\/aplicacoes\/","title":{"rendered":"Aplica\u00e7\u00f5es"},"content":{"rendered":"<p style=\"text-align: center;\"><strong>C\u00e9lulas de carga com tecnologia strain gage<br \/>\n<img fetchpriority=\"high\" decoding=\"async\" class=\"size-full wp-image-364 aligncenter\" src=\"http:\/\/celuladecarga.com.br\/17\/wp-content\/uploads\/2017\/08\/apps.jpg\" alt=\"\" width=\"500\" height=\"266\" srcset=\"http:\/\/celuladecarga.com.br\/17\/wp-content\/uploads\/2017\/08\/apps.jpg 500w, http:\/\/celuladecarga.com.br\/17\/wp-content\/uploads\/2017\/08\/apps-300x160.jpg 300w\" sizes=\"(max-width: 500px) 100vw, 500px\" \/><\/strong>Utilizadas em in\u00fameras aplica\u00e7\u00f5es como:<\/p>\n<ul>\n<li><strong><em>Balan\u00e7as<\/em><\/strong><em><br \/>\n<\/em>Balan\u00e7as Comerciais<br \/>\nBalan\u00e7as Industriais: Balan\u00e7as Integradoras, Big- Bag, Carga Viva, Bancada e \u00a0Pisos (Plataforma), Plataforma, Rodovi\u00e1rias, Ferrovi\u00e1rias,&#8230;.<br \/>\n<!--more--><br \/>\nPaleteiras<\/li>\n<li><em><strong>Pesagem Industrial<\/strong><br \/>\n<\/em>Sistemas de pesagem para tanques, silos e misturadores.<br \/>\nSistemas de Dosagem.<br \/>\nSistemas de envase e de ensaque (Checkweighing- pesagem em sistemas cont\u00ednuos).<br \/>\nSistemas de i\u00e7amento de cargas (gruas, pontes rolantes, guindastes,&#8230;).<br \/>\nSistemas de pesagem embarcados em ve\u00edculos.<br \/>\nSistemas de testes e medi\u00e7\u00e3o, automatiza\u00e7\u00e3o e controle de processos industriais.<\/li>\n<li><strong><em>M\u00e1quinas de ensaios mec\u00e2nicos de teste de <\/em><em>materiais e estruturais<\/em><\/strong><\/li>\n<\/ul>\n<p><strong>Gostaria de mais informa\u00e7\u00f5es?<br \/>\n<\/strong>Para melhor atend\u00ea-lo, temos parceria com a equipe da <a href=\"http:\/\/gappesagem.com.br\/\" target=\"_blank\" rel=\"noopener\"><strong>GAP Pesagem<\/strong><\/a>, formado por profissionais qualificados para ajud\u00e1-lo em esclarecimento de d\u00favidas, solu\u00e7\u00f5es para pesagem, equival\u00eancia e especifica\u00e7\u00e3o entre outros. <em><strong><a href=\"http:\/\/gappesagem.com.br\/?page_id=106\" target=\"_blank\" rel=\"noopener\">Consulte j\u00e1<\/a><\/strong><\/em> e obtenha as informa\u00e7\u00f5es desejadas!<\/p>\n","protected":false},"excerpt":{"rendered":"<p>C\u00e9lulas de carga com tecnologia strain gage Utilizadas em in\u00fameras aplica\u00e7\u00f5es como: Balan\u00e7as Balan\u00e7as Comerciais Balan\u00e7as Industriais: Balan\u00e7as Integradoras, Big- Bag, Carga Viva, Bancada e \u00a0Pisos (Plataforma), Plataforma, Rodovi\u00e1rias, Ferrovi\u00e1rias,&#8230;.<\/p>\n","protected":false},"author":1,"featured_media":378,"parent":0,"menu_order":0,"comment_status":"closed","ping_status":"closed","template":"","meta":{"om_disable_all_campaigns":false,"_monsterinsights_skip_tracking":false,"_monsterinsights_sitenote_active":false,"_monsterinsights_sitenote_note":"","_monsterinsights_sitenote_category":0,"_joinchat":[],"footnotes":""},"class_list":["post-37","page","type-page","status-publish","has-post-thumbnail","hentry"],"aioseo_notices":[],"_links":{"self":[{"href":"http:\/\/celuladecarga.com.br\/17\/wp-json\/wp\/v2\/pages\/37","targetHints":{"allow":["GET"]}}],"collection":[{"href":"http:\/\/celuladecarga.com.br\/17\/wp-json\/wp\/v2\/pages"}],"about":[{"href":"http:\/\/celuladecarga.com.br\/17\/wp-json\/wp\/v2\/types\/page"}],"author":[{"embeddable":true,"href":"http:\/\/celuladecarga.com.br\/17\/wp-json\/wp\/v2\/users\/1"}],"replies":[{"embeddable":true,"href":"http:\/\/celuladecarga.com.br\/17\/wp-json\/wp\/v2\/comments?post=37"}],"version-history":[{"count":10,"href":"http:\/\/celuladecarga.com.br\/17\/wp-json\/wp\/v2\/pages\/37\/revisions"}],"predecessor-version":[{"id":379,"href":"http:\/\/celuladecarga.com.br\/17\/wp-json\/wp\/v2\/pages\/37\/revisions\/379"}],"wp:featuredmedia":[{"embeddable":true,"href":"http:\/\/celuladecarga.com.br\/17\/wp-json\/wp\/v2\/media\/378"}],"wp:attachment":[{"href":"http:\/\/celuladecarga.com.br\/17\/wp-json\/wp\/v2\/media?parent=37"}],"curies":[{"name":"wp","href":"https:\/\/api.w.org\/{rel}","templated":true}]}}