{"id":389,"date":"2019-01-09T12:09:41","date_gmt":"2019-01-09T14:09:41","guid":{"rendered":"http:\/\/celuladecarga.com.br\/17\/?page_id=389"},"modified":"2019-02-26T11:21:02","modified_gmt":"2019-02-26T14:21:02","slug":"manutencao-de-celulas","status":"publish","type":"page","link":"http:\/\/celuladecarga.com.br\/17\/manutencao-de-celulas\/","title":{"rendered":"Manuten\u00e7\u00e3o de C\u00e9lulas"},"content":{"rendered":"<p><em><strong>Manuten\u00e7\u00e3o de c\u00e9lulas de carga com tecnologia strain gage.<\/strong><\/em><\/p>\n<ul>\n<li>Conserto de c\u00e9lulas de carga de capacidades acima de 1000 kgf.<\/li>\n<\/ul>\n<p>Para melhor atend\u00ea-lo, temos parceria com a equipe da<strong> <a href=\"http:\/\/gappesagem.com.br\/\" target=\"_blank\" rel=\"noopener\">GAP Solu\u00e7\u00f5es Industriais<\/a><\/strong>.<\/p>\n<p><a href=\"http:\/\/gappesagem.com.br\/?page_id=106\" target=\"_blank\" rel=\"noopener\"><strong><em>Consulte j\u00e1<\/em><\/strong><\/a> e obtenha as informa\u00e7\u00f5es desejadas!<\/p>\n","protected":false},"excerpt":{"rendered":"<p>Manuten\u00e7\u00e3o de c\u00e9lulas de carga com tecnologia strain gage. Conserto de c\u00e9lulas de carga de capacidades acima de 1000 kgf. Para melhor atend\u00ea-lo, temos parceria com a equipe da GAP Solu\u00e7\u00f5es Industriais. Consulte j\u00e1 e obtenha as informa\u00e7\u00f5es desejadas!<\/p>\n","protected":false},"author":1,"featured_media":447,"parent":0,"menu_order":0,"comment_status":"closed","ping_status":"closed","template":"","meta":{"om_disable_all_campaigns":false,"_monsterinsights_skip_tracking":false,"_monsterinsights_sitenote_active":false,"_monsterinsights_sitenote_note":"","_monsterinsights_sitenote_category":0,"_joinchat":[],"footnotes":""},"class_list":["post-389","page","type-page","status-publish","has-post-thumbnail","hentry"],"aioseo_notices":[],"_links":{"self":[{"href":"http:\/\/celuladecarga.com.br\/17\/wp-json\/wp\/v2\/pages\/389","targetHints":{"allow":["GET"]}}],"collection":[{"href":"http:\/\/celuladecarga.com.br\/17\/wp-json\/wp\/v2\/pages"}],"about":[{"href":"http:\/\/celuladecarga.com.br\/17\/wp-json\/wp\/v2\/types\/page"}],"author":[{"embeddable":true,"href":"http:\/\/celuladecarga.com.br\/17\/wp-json\/wp\/v2\/users\/1"}],"replies":[{"embeddable":true,"href":"http:\/\/celuladecarga.com.br\/17\/wp-json\/wp\/v2\/comments?post=389"}],"version-history":[{"count":6,"href":"http:\/\/celuladecarga.com.br\/17\/wp-json\/wp\/v2\/pages\/389\/revisions"}],"predecessor-version":[{"id":538,"href":"http:\/\/celuladecarga.com.br\/17\/wp-json\/wp\/v2\/pages\/389\/revisions\/538"}],"wp:featuredmedia":[{"embeddable":true,"href":"http:\/\/celuladecarga.com.br\/17\/wp-json\/wp\/v2\/media\/447"}],"wp:attachment":[{"href":"http:\/\/celuladecarga.com.br\/17\/wp-json\/wp\/v2\/media?parent=389"}],"curies":[{"name":"wp","href":"https:\/\/api.w.org\/{rel}","templated":true}]}}