{"id":39,"date":"2017-08-24T19:31:31","date_gmt":"2017-08-24T22:31:31","guid":{"rendered":"http:\/\/celuladecarga.com.br\/17\/?page_id=39"},"modified":"2025-08-28T15:00:50","modified_gmt":"2025-08-28T18:00:50","slug":"modelos","status":"publish","type":"page","link":"http:\/\/celuladecarga.com.br\/17\/modelos\/","title":{"rendered":"Modelos"},"content":{"rendered":"<p><meta http-equiv=\"refresh\" content=\"0; url=https:\/\/celuladecarga.com.br\/portal\"><\/p>\n<p>De acordo com a aplica\u00e7\u00e3o, determinados formatos s\u00e3o requeridos. Veja ilustra\u00e7\u00f5es abaixo:<\/p>\n<table border=\"0\" width=\"720\" cellspacing=\"1\" cellpadding=\"2\" align=\"center\" bgcolor=\"#0C7F9C\">\n<tbody>\n<tr>\n<td bgcolor=\"#f0f0f0\" width=\"33%\" height=\"30\">\n<div align=\"center\">Compress\u00e3o<\/div>\n<\/td>\n<td bgcolor=\"#f0f0f0\" width=\"33%\" height=\"30\">\n<div align=\"center\">Universal &#8211; Tra\u00e7\u00e3o e Compress\u00e3o<\/div>\n<\/td>\n<td bgcolor=\"#f0f0f0\" width=\"33%\" height=\"30\">\n<div align=\"center\">Flex\u00e3o<\/div>\n<\/td>\n<\/tr>\n<tr>\n<td valign=\"top\" bgcolor=\"#FFFFFF\" width=\"33%\">\n<div align=\"center\"><img decoding=\"async\" src=\"http:\/\/www.celuladecarga.com.br\/portal2017\/wp-content\/uploads\/2014\/08\/comps.jpg\" alt=\"\" width=\"180\" height=\"100\" \/><br \/>\n<img decoding=\"async\" src=\"http:\/\/www.celuladecarga.com.br\/portal2017\/wp-content\/uploads\/2014\/08\/comp4.jpg\" alt=\"\" width=\"180\" height=\"100\" \/><\/div>\n<div style=\"text-align: left;\" align=\"center\">Para medi\u00e7\u00e3o de for\u00e7as ou pesos em compress\u00e3o.<br \/>\nEx.: Apoio de reservat\u00f3rios para controle de peso ou n\u00edvel, sistema de detec\u00e7\u00e3o de sobrecarga\u2026<\/div>\n<div align=\"center\"><\/div>\n<\/td>\n<td valign=\"top\" bgcolor=\"#FFFFFF\" width=\"33%\">\n<div align=\"center\"><img decoding=\"async\" src=\"http:\/\/www.celuladecarga.com.br\/portal2017\/wp-content\/uploads\/2014\/08\/trac1.jpg\" alt=\"\" width=\"180\" height=\"100\" \/><br \/>\n<img loading=\"lazy\" decoding=\"async\" src=\"http:\/\/www.celuladecarga.com.br\/portal2017\/wp-content\/uploads\/2014\/08\/trac2.jpg\" alt=\"\" width=\"180\" height=\"100\" \/><\/div>\n<div style=\"text-align: left;\" align=\"center\">Para medi\u00e7\u00e3o de for\u00e7as ou pesos em tra\u00e7\u00e3o e compress\u00e3o.<br \/>\nEx.: Dinam\u00f4metros, balan\u00e7as\u2026<\/div>\n<div align=\"center\"><\/div>\n<\/td>\n<td valign=\"top\" bgcolor=\"#FFFFFF\" width=\"33%\">\n<div align=\"center\"><img loading=\"lazy\" decoding=\"async\" src=\"http:\/\/www.celuladecarga.com.br\/portal2017\/wp-content\/uploads\/2014\/08\/flex1.jpg\" alt=\"\" width=\"180\" height=\"100\" \/><br \/>\n<img loading=\"lazy\" decoding=\"async\" src=\"http:\/\/www.celuladecarga.com.br\/portal2017\/wp-content\/uploads\/2014\/08\/flex2.jpg\" alt=\"\" width=\"180\" height=\"100\" \/><\/div>\n<div style=\"text-align: left;\" align=\"center\">Para medi\u00e7\u00e3o de for\u00e7as ou pesos em tra\u00e7\u00e3o e compress\u00e3o.<br \/>\nEx.: Balan\u00e7a de plataforma, correias transportadoras\u2026<\/div>\n<div align=\"center\"><\/div>\n<div align=\"center\"><\/div>\n<\/td>\n<\/tr>\n<tr>\n<td valign=\"top\" bgcolor=\"#FFFFFF\" width=\"33%\">\n<div align=\"center\">Aplica\u00e7\u00e3o da For\u00e7a<\/div>\n<div align=\"center\"><img loading=\"lazy\" decoding=\"async\" class=\"aligncenter wp-image-501\" src=\"http:\/\/celuladecarga.com.br\/17\/wp-content\/uploads\/2017\/08\/foto-compressao.png\" alt=\"\" width=\"115\" height=\"110\" \/><\/div>\n<\/td>\n<td valign=\"top\" bgcolor=\"#FFFFFF\" width=\"33%\">\n<div align=\"center\">Aplica\u00e7\u00e3o da For\u00e7a <img loading=\"lazy\" decoding=\"async\" class=\"aligncenter wp-image-510\" src=\"http:\/\/celuladecarga.com.br\/17\/wp-content\/uploads\/2017\/08\/foto-tc.png\" alt=\"\" width=\"124\" height=\"242\" srcset=\"http:\/\/celuladecarga.com.br\/17\/wp-content\/uploads\/2017\/08\/foto-tc.png 166w, http:\/\/celuladecarga.com.br\/17\/wp-content\/uploads\/2017\/08\/foto-tc-154x300.png 154w\" sizes=\"(max-width: 124px) 100vw, 124px\" \/><\/div>\n<\/td>\n<td valign=\"top\" bgcolor=\"#FFFFFF\" width=\"33%\">\n<div align=\"center\">\n<p>Aplica\u00e7\u00e3o da For\u00e7a<img loading=\"lazy\" decoding=\"async\" class=\"aligncenter wp-image-503\" src=\"http:\/\/celuladecarga.com.br\/17\/wp-content\/uploads\/2017\/08\/foto-flexao.png\" alt=\"\" width=\"136\" height=\"197\" srcset=\"http:\/\/celuladecarga.com.br\/17\/wp-content\/uploads\/2017\/08\/foto-flexao.png 238w, http:\/\/celuladecarga.com.br\/17\/wp-content\/uploads\/2017\/08\/foto-flexao-206x300.png 206w\" sizes=\"(max-width: 136px) 100vw, 136px\" \/><\/p>\n<p><img loading=\"lazy\" decoding=\"async\" class=\"aligncenter wp-image-502\" src=\"http:\/\/celuladecarga.com.br\/17\/wp-content\/uploads\/2017\/08\/foto-adicional-flexao.png\" alt=\"\" width=\"88\" height=\"87\" srcset=\"http:\/\/celuladecarga.com.br\/17\/wp-content\/uploads\/2017\/08\/foto-adicional-flexao.png 157w, http:\/\/celuladecarga.com.br\/17\/wp-content\/uploads\/2017\/08\/foto-adicional-flexao-150x150.png 150w\" sizes=\"(max-width: 88px) 100vw, 88px\" \/><\/p>\n<\/div>\n<div align=\"center\"><\/div>\n<\/td>\n<\/tr>\n<\/tbody>\n<\/table>\n<table border=\"0\" width=\"720\" cellspacing=\"1\" cellpadding=\"2\" align=\"center\" bgcolor=\"#0C7F9C\">\n<tbody>\n<tr>\n<td bgcolor=\"#f0f0f0\" width=\"33%\" height=\"30\">\n<div align=\"center\">Shear Beam<\/div>\n<\/td>\n<td bgcolor=\"#f0f0f0\" width=\"33%\" height=\"30\">\n<div align=\"center\">Single Point<\/div>\n<\/td>\n<td bgcolor=\"#f0f0f0\" width=\"33%\" height=\"30\">\n<div align=\"center\">Coluna<\/div>\n<\/td>\n<\/tr>\n<tr>\n<td valign=\"top\" bgcolor=\"#FFFFFF\" width=\"33%\">\n<div align=\"center\"><img loading=\"lazy\" decoding=\"async\" src=\"http:\/\/www.celuladecarga.com.br\/portal2017\/wp-content\/uploads\/2014\/08\/sb.jpg\" alt=\"\" width=\"180\" height=\"100\" \/><\/div>\n<div style=\"text-align: left;\" align=\"center\">Para utiliza\u00e7\u00e3o em pesagem e monitoramento de for\u00e7as em m\u00e1quinas.<\/div>\n<div align=\"center\"><\/div>\n<div align=\"center\"><\/div>\n<\/td>\n<td valign=\"top\" bgcolor=\"#FFFFFF\" width=\"33%\">\n<div align=\"center\"><img loading=\"lazy\" decoding=\"async\" src=\"http:\/\/www.celuladecarga.com.br\/portal2017\/wp-content\/uploads\/2014\/08\/sb2.jpg\" alt=\"\" width=\"180\" height=\"100\" \/><\/div>\n<div style=\"text-align: left;\" align=\"center\">Insens\u00edvel \u00e0 for\u00e7as laterais, s\u00e3o utilizadas em balan\u00e7as onde a plataforma de pesagem (prato) \u00e9 montada diretamente sobre a c\u00e9lula. Ex.: Balan\u00e7as de supermercado, plataformas de pesagem\u2026<\/div>\n<div align=\"center\"><\/div>\n<div align=\"center\"><\/div>\n<\/td>\n<td valign=\"top\" bgcolor=\"#FFFFFF\" width=\"33%\">\n<div align=\"center\"><img loading=\"lazy\" decoding=\"async\" src=\"http:\/\/www.celuladecarga.com.br\/portal2017\/wp-content\/uploads\/2014\/08\/col.jpg\" alt=\"\" width=\"180\" height=\"100\" \/><\/div>\n<div style=\"text-align: left;\" align=\"center\">Para medi\u00e7\u00e3o de for\u00e7as ou pesos em compress\u00e3o.<br \/>\nEx.: Apoio de reservat\u00f3rios p\/ controle de pesos ou n\u00edvel\u2026<\/div>\n<div align=\"center\"><\/div>\n<div align=\"center\"><\/div>\n<\/td>\n<\/tr>\n<tr>\n<td valign=\"top\" bgcolor=\"#FFFFFF\" width=\"33%\">\n<div align=\"center\">Aplica\u00e7\u00e3o da For\u00e7a<br \/>\n<img loading=\"lazy\" decoding=\"async\" class=\"aligncenter size-full wp-image-515\" src=\"http:\/\/celuladecarga.com.br\/17\/wp-content\/uploads\/2017\/08\/foto-shear-beam2.png\" alt=\"\" width=\"202\" height=\"90\" \/><\/div>\n<div align=\"center\"><\/div>\n<div align=\"center\"><\/div>\n<\/td>\n<td valign=\"top\" bgcolor=\"#FFFFFF\" width=\"33%\">\n<div align=\"center\">Aplica\u00e7\u00e3o da For\u00e7a<br \/>\n<img loading=\"lazy\" decoding=\"async\" class=\"aligncenter size-full wp-image-515\" src=\"http:\/\/celuladecarga.com.br\/17\/wp-content\/uploads\/2017\/08\/foto-shear-beam2.png\" alt=\"\" width=\"202\" height=\"90\" \/><\/div>\n<div align=\"center\"><\/div>\n<\/td>\n<td valign=\"top\" bgcolor=\"#FFFFFF\" width=\"33%\">\n<div align=\"center\">Aplica\u00e7\u00e3o da For\u00e7a<br \/>\n<img loading=\"lazy\" decoding=\"async\" class=\"aligncenter wp-image-508\" src=\"http:\/\/celuladecarga.com.br\/17\/wp-content\/uploads\/2017\/08\/foto-coluna.png\" alt=\"\" width=\"119\" height=\"119\" srcset=\"http:\/\/celuladecarga.com.br\/17\/wp-content\/uploads\/2017\/08\/foto-coluna.png 154w, http:\/\/celuladecarga.com.br\/17\/wp-content\/uploads\/2017\/08\/foto-coluna-150x150.png 150w\" sizes=\"(max-width: 119px) 100vw, 119px\" \/><\/div>\n<div align=\"center\"><\/div>\n<\/td>\n<\/tr>\n<\/tbody>\n<\/table>\n<p><strong>Eixos Dinamom\u00e9tricos:<\/strong><br \/>\nCapacidades: De 500 kgf a 100tf<br \/>\nPrecis\u00e3o: \u00b1 0,1%<br \/>\n<img loading=\"lazy\" decoding=\"async\" class=\"size-full wp-image-313 alignleft\" src=\"http:\/\/celuladecarga.com.br\/17\/wp-content\/uploads\/2017\/08\/eixo.jpg\" alt=\"\" width=\"300\" height=\"169\" \/><\/p>\n<ul>\n<li><em>Medi\u00e7\u00e3o de for\u00e7as em geral e em acess\u00f3rios de movimenta\u00e7\u00e3o de carga.<\/em><\/li>\n<li><em>Pontes rolantes<\/em><\/li>\n<li><em>Instrumenta\u00e7\u00e3o de polias de guindastes e guinchos.<\/em><\/li>\n<li><em>Seguran\u00e7a de guindastes, em combina\u00e7\u00e3o com limita\u00e7\u00e3o de carga.<\/em><\/li>\n<\/ul>\n<p>&nbsp;<\/p>\n<p style=\"text-align: justify;\"><strong>C\u00e9lulas de Carga para ensaios de fadiga:<br \/>\n<\/strong><img loading=\"lazy\" decoding=\"async\" class=\"aligncenter size-full wp-image-319\" src=\"http:\/\/celuladecarga.com.br\/17\/wp-content\/uploads\/2017\/08\/fotogeralap.jpg\" alt=\"\" width=\"783\" height=\"191\" srcset=\"http:\/\/celuladecarga.com.br\/17\/wp-content\/uploads\/2017\/08\/fotogeralap.jpg 783w, http:\/\/celuladecarga.com.br\/17\/wp-content\/uploads\/2017\/08\/fotogeralap-300x73.jpg 300w, http:\/\/celuladecarga.com.br\/17\/wp-content\/uploads\/2017\/08\/fotogeralap-768x187.jpg 768w, http:\/\/celuladecarga.com.br\/17\/wp-content\/uploads\/2017\/08\/fotogeralap-780x191.jpg 780w\" sizes=\"(max-width: 783px) 100vw, 783px\" \/>S\u00e3o projetadas para testes de fadiga de componentes em m\u00e1quinas de ensaios mec\u00e2nicos onde o carregamento \u00e9 altamente c\u00edclico, robustas, extremamente resistentes \u00e0 flex\u00e3o externa e for\u00e7as de carga lateral. Usadas \u200b\u200bpara teste de material, ciclo de vida do componentes de testes e testes estruturais. A maioria dos fabricantes garantem a essas c\u00e9lulas de carga 100 milh\u00f4es de ciclos.<\/p>\n<p><strong>Gostaria de mais informa\u00e7\u00f5es?<br \/>\n<\/strong>Para melhor atend\u00ea-lo, temos parceria com a equipe da <a href=\"http:\/\/gappesagem.com.br\/\" target=\"_blank\" rel=\"noopener noreferrer\"><strong>GAP Pesagem<\/strong><\/a>, formado por profissionais qualificados para ajud\u00e1-lo em esclarecimento de d\u00favidas, solu\u00e7\u00f5es para pesagem, equival\u00eancia e especifica\u00e7\u00e3o entre outros. <a href=\"https:\/\/gappesagem.com.br\/#ct24\" target=\"_blank\" rel=\"noopener noreferrer\"><strong><em>Consulte j\u00e1<\/em><\/strong><\/a> e obtenha as informa\u00e7\u00f5es desejadas!<\/p>\n","protected":false},"excerpt":{"rendered":"<p>De acordo com a aplica\u00e7\u00e3o, determinados formatos s\u00e3o requeridos. Veja ilustra\u00e7\u00f5es abaixo: Compress\u00e3o Universal &#8211; Tra\u00e7\u00e3o e Compress\u00e3o Flex\u00e3o Para medi\u00e7\u00e3o de for\u00e7as ou pesos em compress\u00e3o. Ex.: Apoio de reservat\u00f3rios para controle de peso ou n\u00edvel, sistema de detec\u00e7\u00e3o de sobrecarga\u2026 Para medi\u00e7\u00e3o de for\u00e7as ou pesos em tra\u00e7\u00e3o e compress\u00e3o. Ex.: Dinam\u00f4metros, balan\u00e7as\u2026 [&hellip;]<\/p>\n","protected":false},"author":1,"featured_media":0,"parent":0,"menu_order":0,"comment_status":"closed","ping_status":"closed","template":"","meta":{"om_disable_all_campaigns":false,"_monsterinsights_skip_tracking":false,"_monsterinsights_sitenote_active":false,"_monsterinsights_sitenote_note":"","_monsterinsights_sitenote_category":0,"_joinchat":[],"footnotes":""},"class_list":["post-39","page","type-page","status-publish","hentry"],"aioseo_notices":[],"_links":{"self":[{"href":"http:\/\/celuladecarga.com.br\/17\/wp-json\/wp\/v2\/pages\/39","targetHints":{"allow":["GET"]}}],"collection":[{"href":"http:\/\/celuladecarga.com.br\/17\/wp-json\/wp\/v2\/pages"}],"about":[{"href":"http:\/\/celuladecarga.com.br\/17\/wp-json\/wp\/v2\/types\/page"}],"author":[{"embeddable":true,"href":"http:\/\/celuladecarga.com.br\/17\/wp-json\/wp\/v2\/users\/1"}],"replies":[{"embeddable":true,"href":"http:\/\/celuladecarga.com.br\/17\/wp-json\/wp\/v2\/comments?post=39"}],"version-history":[{"count":26,"href":"http:\/\/celuladecarga.com.br\/17\/wp-json\/wp\/v2\/pages\/39\/revisions"}],"predecessor-version":[{"id":1371,"href":"http:\/\/celuladecarga.com.br\/17\/wp-json\/wp\/v2\/pages\/39\/revisions\/1371"}],"wp:attachment":[{"href":"http:\/\/celuladecarga.com.br\/17\/wp-json\/wp\/v2\/media?parent=39"}],"curies":[{"name":"wp","href":"https:\/\/api.w.org\/{rel}","templated":true}]}}