{"id":409,"date":"2019-01-09T15:19:18","date_gmt":"2019-01-09T17:19:18","guid":{"rendered":"http:\/\/celuladecarga.com.br\/17\/?page_id=409"},"modified":"2020-09-03T12:19:21","modified_gmt":"2020-09-03T15:19:21","slug":"publicidade-parceria","status":"publish","type":"page","link":"http:\/\/celuladecarga.com.br\/17\/publicidade-parceria\/","title":{"rendered":"Publicidade \/ Parceria"},"content":{"rendered":"<p><strong>Quer Anunciar ou ser Parceiro?<\/strong><\/p>\n<p>Um espa\u00e7o na medida certa para sua empresa.<\/p>\n<p>Aproveite este espa\u00e7o para que seus produtos e\/ou servi\u00e7os alcancem v\u00e1rios p\u00fablicos, nacionais e internacionais.<\/p>\n<blockquote><p>Envie um e-mail para: <a href=\"mailto:consultoria@engecom.com.br\">consultoria@engecom.com.br<\/a><\/p><\/blockquote>\n<p>Veja mais detalhes abaixo:<\/p>\n<p><a href=\"http:\/\/celuladecarga.com.br\/17\/wp-content\/uploads\/2020\/09\/tela_estats2020.jpg\" target=\"_blank\" rel=\"noopener noreferrer\"><img fetchpriority=\"high\" decoding=\"async\" class=\"aligncenter\" src=\"http:\/\/celuladecarga.com.br\/17\/wp-content\/uploads\/2020\/09\/tela_estats2020.jpg\" width=\"1193\" height=\"246\" \/><\/a><\/p>\n<p>Formatos de An\u00fancios:<\/p>\n<p><a href=\"http:\/\/www.celuladecarga.com.br\/portal2017\/wp-content\/uploads\/2015\/11\/cellanuncios.jpg\" target=\"_blank\" rel=\"noopener noreferrer\"><img decoding=\"async\" class=\"aligncenter wp-image-950 size-large\" src=\"http:\/\/www.celuladecarga.com.br\/portal2017\/wp-content\/uploads\/2015\/11\/cellanuncios.jpg\" sizes=\"(max-width: 800px) 100vw, 800px\" srcset=\"http:\/\/www.celuladecarga.com.br\/portal2017\/wp-content\/uploads\/2015\/11\/cellanuncios-1024x742.jpg 1024w, http:\/\/www.celuladecarga.com.br\/portal2017\/wp-content\/uploads\/2015\/11\/cellanuncios-300x217.jpg 300w, http:\/\/www.celuladecarga.com.br\/portal2017\/wp-content\/uploads\/2015\/11\/cellanuncios-600x434.jpg 600w, http:\/\/www.celuladecarga.com.br\/portal2017\/wp-content\/uploads\/2015\/11\/cellanuncios.jpg 1167w\" alt=\"cellanuncios\" width=\"800\" height=\"580\" \/><\/a><\/p>\n","protected":false},"excerpt":{"rendered":"<p>Quer Anunciar ou ser Parceiro? Um espa\u00e7o na medida certa para sua empresa. Aproveite este espa\u00e7o para que seus produtos e\/ou servi\u00e7os alcancem v\u00e1rios p\u00fablicos, nacionais e internacionais. Envie um e-mail para: consultoria@engecom.com.br Veja mais detalhes abaixo: Formatos de An\u00fancios:<\/p>\n","protected":false},"author":1,"featured_media":0,"parent":0,"menu_order":0,"comment_status":"closed","ping_status":"closed","template":"","meta":{"om_disable_all_campaigns":false,"_monsterinsights_skip_tracking":false,"_monsterinsights_sitenote_active":false,"_monsterinsights_sitenote_note":"","_monsterinsights_sitenote_category":0,"_joinchat":[],"footnotes":""},"class_list":["post-409","page","type-page","status-publish","hentry"],"aioseo_notices":[],"_links":{"self":[{"href":"http:\/\/celuladecarga.com.br\/17\/wp-json\/wp\/v2\/pages\/409","targetHints":{"allow":["GET"]}}],"collection":[{"href":"http:\/\/celuladecarga.com.br\/17\/wp-json\/wp\/v2\/pages"}],"about":[{"href":"http:\/\/celuladecarga.com.br\/17\/wp-json\/wp\/v2\/types\/page"}],"author":[{"embeddable":true,"href":"http:\/\/celuladecarga.com.br\/17\/wp-json\/wp\/v2\/users\/1"}],"replies":[{"embeddable":true,"href":"http:\/\/celuladecarga.com.br\/17\/wp-json\/wp\/v2\/comments?post=409"}],"version-history":[{"count":7,"href":"http:\/\/celuladecarga.com.br\/17\/wp-json\/wp\/v2\/pages\/409\/revisions"}],"predecessor-version":[{"id":626,"href":"http:\/\/celuladecarga.com.br\/17\/wp-json\/wp\/v2\/pages\/409\/revisions\/626"}],"wp:attachment":[{"href":"http:\/\/celuladecarga.com.br\/17\/wp-json\/wp\/v2\/media?parent=409"}],"curies":[{"name":"wp","href":"https:\/\/api.w.org\/{rel}","templated":true}]}}