{"id":720,"date":"2020-09-09T11:25:11","date_gmt":"2020-09-09T14:25:11","guid":{"rendered":"http:\/\/celuladecarga.com.br\/17\/?page_id=720"},"modified":"2024-12-04T08:45:29","modified_gmt":"2024-12-04T11:45:29","slug":"aplicacoes-2020","status":"publish","type":"page","link":"http:\/\/celuladecarga.com.br\/17\/aplicacoes-2020\/","title":{"rendered":"Aplica\u00e7\u00f5es"},"content":{"rendered":"<style type=\"text\/css\">\n<!-- figure {display:none;} --><br \/><\/style>\n<p>C\u00e9lulas de Carga \/ Sensores de For\u00e7a<br \/>\n<div class=\" accordion-egd58z style1 magee-shortcode panel-group magee-accordion accordion-simple\" role=\"tablist\" aria-multiselectable=\"no\" id=\"accordion-egd58z\"> <div class=\"panel panel-default \" id=\"panelaccordion-egd58z-1\"><div class=\"panel-heading\" role=\"tab\" id=\"headingcollapseaccordion-egd58z-1\">\r\n\t\t\t\t<a class=\"accordion-toggle collapsed\" data-toggle=\"collapse\" data-parent=\"#accordion-egd58z\" href=\"#collapseaccordion-egd58z-1\" aria-expanded=\"false\" aria-controls=\"collapseaccordion-egd58z-1\">\r\n\t\t\t\t\t<h4 class=\"panel-title\">\r\n\t\t\t\t\t\t\tManuten\u00e7\u00e3o\r\n\t\t\t\t\t<\/h4>\r\n\t\t\t\t<\/a>\r\n\t\t\t<\/div>\r\n\t\t\t<div id=\"collapseaccordion-egd58z-1\" class=\"panel-collapse collapse \" role=\"tabpanel\" aria-labelledby=\"headingcollapseaccordion-egd58z-1\" aria-expanded=\"false\">\r\n\t\t\t\t<div class=\"panel-body\">\r\n\t\t\t\t\t\n<p><em><strong>Manuten\u00e7\u00e3o de c\u00e9lulas de carga com tecnologia strain gage.<\/strong><\/em><\/p>\n<p><img fetchpriority=\"high\" decoding=\"async\" class=\"alignleft size-full wp-image-447\" src=\"http:\/\/celuladecarga.com.br\/17\/wp-content\/uploads\/2019\/01\/manu.jpg\" alt=\"Manuten\u00e7\u00e3o de c\u00e9lulas de carga \" width=\"300\" height=\"189\" \/><\/p>\n<p>&nbsp;<\/p>\n<p>Para melhor atend\u00ea-lo, temos parceria com a equipe da<strong> <a href=\"http:\/\/gappesagem.com.br\/\" target=\"_blank\" rel=\"noopener noreferrer\">GAP Solu\u00e7\u00f5es Industriais<\/a><\/strong>.<\/p>\n<p><a href=\"https:\/\/gappesagem.com.br\/servicos\/\" target=\"_blank\" rel=\"noopener noreferrer\"><strong><em>Saiba mais<\/em><\/strong><\/a><\/p>\n\r\n\t\t\t\t\t<div class=\"clear\"><\/div>\r\n\t\t\t\t<\/div>\r\n\t\t\t<\/div>\r\n\t\t<\/div> <\/div><\/p>\n<div class=\" accordion-lkotxk style1 magee-shortcode panel-group magee-accordion accordion-simple\" role=\"tablist\" aria-multiselectable=\"no\" id=\"accordion-lkotxk\"> <div class=\"panel panel-default \" id=\"panelaccordion-lkotxk-1\"><div class=\"panel-heading\" role=\"tab\" id=\"headingcollapseaccordion-lkotxk-1\">\r\n\t\t\t\t<a class=\"accordion-toggle collapsed\" data-toggle=\"collapse\" data-parent=\"#accordion-lkotxk\" href=\"#collapseaccordion-lkotxk-1\" aria-expanded=\"false\" aria-controls=\"collapseaccordion-lkotxk-1\">\r\n\t\t\t\t\t<h4 class=\"panel-title\">\r\n\t\t\t\t\t\t\tProjetos Especiais: C\u00e9lulas de Carga Customizadas\r\n\t\t\t\t\t<\/h4>\r\n\t\t\t\t<\/a>\r\n\t\t\t<\/div>\r\n\t\t\t<div id=\"collapseaccordion-lkotxk-1\" class=\"panel-collapse collapse \" role=\"tabpanel\" aria-labelledby=\"headingcollapseaccordion-lkotxk-1\" aria-expanded=\"false\">\r\n\t\t\t\t<div class=\"panel-body\">\r\n\t\t\t\t\t\n<p><img decoding=\"async\" class=\"alignleft size-full wp-image-406\" src=\"http:\/\/celuladecarga.com.br\/17\/wp-content\/uploads\/2019\/01\/pe2.jpg\" alt=\"C\u00e9lula de Carga\" width=\"300\" height=\"189\" \/>Existem empresas no mercado que fazem o desenvolvimento e fabrica\u00e7\u00e3o de C\u00e9lulas de Carga especiais customizadas de acordo com a necessidade da aplica\u00e7\u00e3o.<\/p>\n<p>Para melhor atend\u00ea-lo, temos parceria com a equipe da<strong> GAP Solu\u00e7\u00f5es Industriais, <a href=\"https:\/\/gappesagem.com.br\/celulas-de-carga-especiais-customizadas\/\" target=\"_blank\" rel=\"noopener\"><em>Clique aqui!<\/em><\/a><\/strong><\/p>\n\r\n\t\t\t\t\t<div class=\"clear\"><\/div>\r\n\t\t\t\t<\/div>\r\n\t\t\t<\/div>\r\n\t\t<\/div> <\/div>\n<div class=\" accordion-0dy9rw style1 magee-shortcode panel-group magee-accordion accordion-simple\" role=\"tablist\" aria-multiselectable=\"no\" id=\"accordion-0dy9rw\"> <div class=\"panel panel-default \" id=\"panelaccordion-0dy9rw-1\"><div class=\"panel-heading\" role=\"tab\" id=\"headingcollapseaccordion-0dy9rw-1\">\r\n\t\t\t\t<a class=\"accordion-toggle collapsed\" data-toggle=\"collapse\" data-parent=\"#accordion-0dy9rw\" href=\"#collapseaccordion-0dy9rw-1\" aria-expanded=\"false\" aria-controls=\"collapseaccordion-0dy9rw-1\">\r\n\t\t\t\t\t<h4 class=\"panel-title\">\r\n\t\t\t\t\t\t\tC\u00e9lulas de Carga para Metrologia\r\n\t\t\t\t\t<\/h4>\r\n\t\t\t\t<\/a>\r\n\t\t\t<\/div>\r\n\t\t\t<div id=\"collapseaccordion-0dy9rw-1\" class=\"panel-collapse collapse \" role=\"tabpanel\" aria-labelledby=\"headingcollapseaccordion-0dy9rw-1\" aria-expanded=\"false\">\r\n\t\t\t\t<div class=\"panel-body\">\r\n\t\t\t\t\t\n<p><img decoding=\"async\" class=\"alignleft size-full wp-image-661\" src=\"http:\/\/celuladecarga.com.br\/17\/wp-content\/uploads\/2020\/09\/cells_metrologia19_destaque.jpg\" alt=\"C\u00e9lulas de Carga\" width=\"300\" height=\"203\" \/>C\u00e9lulas de Carga de alta precis\u00e3o para metrologia, testes de fadiga, testes estruturais e de materiais.<\/p>\n<p>Para melhor atend\u00ea-lo, temos parceria com a equipe da GAP Solu\u00e7\u00f5es Industriais, <a href=\"https:\/\/gappesagem.com.br\/alta-precisao\/\" target=\"_blank\" rel=\"noopener noreferrer\"><em><strong>Clique aqui!<\/strong><\/em><\/a><\/p>\n\r\n\t\t\t\t\t<div class=\"clear\"><\/div>\r\n\t\t\t\t<\/div>\r\n\t\t\t<\/div>\r\n\t\t<\/div> <\/div>\n<p>&nbsp;<\/p>\n<p>Pesagem Industrial<br \/>\n<div class=\" accordion-n11fwd style1 magee-shortcode panel-group magee-accordion accordion-simple\" role=\"tablist\" aria-multiselectable=\"no\" id=\"accordion-n11fwd\"> <div class=\"panel panel-default \" id=\"panelaccordion-n11fwd-1\"><div class=\"panel-heading\" role=\"tab\" id=\"headingcollapseaccordion-n11fwd-1\">\r\n\t\t\t\t<a class=\"accordion-toggle collapsed\" data-toggle=\"collapse\" data-parent=\"#accordion-n11fwd\" href=\"#collapseaccordion-n11fwd-1\" aria-expanded=\"false\" aria-controls=\"collapseaccordion-n11fwd-1\">\r\n\t\t\t\t\t<h4 class=\"panel-title\">\r\n\t\t\t\t\t\t\tSistemas de Pesagem para Tanques, Silos e Misturadores\r\n\t\t\t\t\t<\/h4>\r\n\t\t\t\t<\/a>\r\n\t\t\t<\/div>\r\n\t\t\t<div id=\"collapseaccordion-n11fwd-1\" class=\"panel-collapse collapse \" role=\"tabpanel\" aria-labelledby=\"headingcollapseaccordion-n11fwd-1\" aria-expanded=\"false\">\r\n\t\t\t\t<div class=\"panel-body\">\r\n\t\t\t\t\t\n<p>Os Sistemas de Pesagem s\u00e3o normalmente aplicados para pesagem e\/ou controle de invent\u00e1rio por peso de silos, tanques, reatores, misturadores, moegas, entre outros recipientes de armazenamento ou processo de manipula\u00e7\u00e3o de produtos l\u00edquidos, pastosos, granulados ou p\u00f3s.<\/p>\n<p>Para melhor atend\u00ea-lo, temos parceria com a equipe da<strong> <a href=\"http:\/\/gappesagem.com.br\/\" target=\"_blank\" rel=\"noopener noreferrer\">GAP Solu\u00e7\u00f5es Industriais<\/a><\/strong>.<\/p>\n<p><a href=\"https:\/\/gappesagem.com.br\/sistemas-de-pesagem\/\" target=\"_blank\" rel=\"noopener noreferrer\"><strong><em>Saiba mais<\/em><\/strong><\/a><\/p>\n\r\n\t\t\t\t\t<div class=\"clear\"><\/div>\r\n\t\t\t\t<\/div>\r\n\t\t\t<\/div>\r\n\t\t<\/div> <\/div><\/p>\n<div class=\" accordion-ixih0j style1 magee-shortcode panel-group magee-accordion accordion-simple\" role=\"tablist\" aria-multiselectable=\"no\" id=\"accordion-ixih0j\"> <div class=\"panel panel-default \" id=\"panelaccordion-ixih0j-1\"><div class=\"panel-heading\" role=\"tab\" id=\"headingcollapseaccordion-ixih0j-1\">\r\n\t\t\t\t<a class=\"accordion-toggle collapsed\" data-toggle=\"collapse\" data-parent=\"#accordion-ixih0j\" href=\"#collapseaccordion-ixih0j-1\" aria-expanded=\"false\" aria-controls=\"collapseaccordion-ixih0j-1\">\r\n\t\t\t\t\t<h4 class=\"panel-title\">\r\n\t\t\t\t\t\t\tSistemas de Pesagem Embarcados em Ve\u00edculos\r\n\t\t\t\t\t<\/h4>\r\n\t\t\t\t<\/a>\r\n\t\t\t<\/div>\r\n\t\t\t<div id=\"collapseaccordion-ixih0j-1\" class=\"panel-collapse collapse \" role=\"tabpanel\" aria-labelledby=\"headingcollapseaccordion-ixih0j-1\" aria-expanded=\"false\">\r\n\t\t\t\t<div class=\"panel-body\">\r\n\t\t\t\t\t\n<ul>\n<li>Customizada para caminh\u00f5es e carretas<\/li>\n<li>Indica\u00e7\u00e3o do peso da carga<\/li>\n<li>Monitoramento de sobrecarga<\/li>\n<\/ul>\n<p>Para melhor atend\u00ea-lo, temos parceria com a equipe da<strong> <a href=\"http:\/\/gappesagem.com.br\/\" target=\"_blank\" rel=\"noopener noreferrer\">GAP Solu\u00e7\u00f5es Industriais<\/a><\/strong>.<\/p>\n<p><a href=\"https:\/\/gappesagem.com.br\/#ct24\" target=\"_blank\" rel=\"noopener noreferrer\"><strong><em>Fa\u00e7a Contato<\/em><\/strong><\/a><\/p>\n\r\n\t\t\t\t\t<div class=\"clear\"><\/div>\r\n\t\t\t\t<\/div>\r\n\t\t\t<\/div>\r\n\t\t<\/div> <\/div>\n<div class=\" accordion-1l0c9t style1 magee-shortcode panel-group magee-accordion accordion-simple\" role=\"tablist\" aria-multiselectable=\"no\" id=\"accordion-1l0c9t\"> <div class=\"panel panel-default \" id=\"panelaccordion-1l0c9t-1\"><div class=\"panel-heading\" role=\"tab\" id=\"headingcollapseaccordion-1l0c9t-1\">\r\n\t\t\t\t<a class=\"accordion-toggle collapsed\" data-toggle=\"collapse\" data-parent=\"#accordion-1l0c9t\" href=\"#collapseaccordion-1l0c9t-1\" aria-expanded=\"false\" aria-controls=\"collapseaccordion-1l0c9t-1\">\r\n\t\t\t\t\t<h4 class=\"panel-title\">\r\n\t\t\t\t\t\t\tSistemas de Dosagem\r\n\t\t\t\t\t<\/h4>\r\n\t\t\t\t<\/a>\r\n\t\t\t<\/div>\r\n\t\t\t<div id=\"collapseaccordion-1l0c9t-1\" class=\"panel-collapse collapse \" role=\"tabpanel\" aria-labelledby=\"headingcollapseaccordion-1l0c9t-1\" aria-expanded=\"false\">\r\n\t\t\t\t<div class=\"panel-body\">\r\n\t\t\t\t\t\n<p>Para melhor atend\u00ea-lo, temos parceria com a equipe da<strong> <a href=\"http:\/\/gappesagem.com.br\/\" target=\"_blank\" rel=\"noopener noreferrer\">GAP Solu\u00e7\u00f5es Industriais<\/a><\/strong>.<\/p>\n<p><a href=\"https:\/\/gappesagem.com.br\/#ct24\" target=\"_blank\" rel=\"noopener noreferrer\"><strong><em>Fa\u00e7a Contato<\/em><\/strong><\/a><\/p>\n\r\n\t\t\t\t\t<div class=\"clear\"><\/div>\r\n\t\t\t\t<\/div>\r\n\t\t\t<\/div>\r\n\t\t<\/div> <\/div>\n<div class=\" accordion-iqjdm7 style1 magee-shortcode panel-group magee-accordion accordion-simple\" role=\"tablist\" aria-multiselectable=\"no\" id=\"accordion-iqjdm7\"> <div class=\"panel panel-default \" id=\"panelaccordion-iqjdm7-1\"><div class=\"panel-heading\" role=\"tab\" id=\"headingcollapseaccordion-iqjdm7-1\">\r\n\t\t\t\t<a class=\"accordion-toggle collapsed\" data-toggle=\"collapse\" data-parent=\"#accordion-iqjdm7\" href=\"#collapseaccordion-iqjdm7-1\" aria-expanded=\"false\" aria-controls=\"collapseaccordion-iqjdm7-1\">\r\n\t\t\t\t\t<h4 class=\"panel-title\">\r\n\t\t\t\t\t\t\tSistemas de envase e de ensaque (Checkweighing-pesagem em Sistemas Cont\u00ednuos)\r\n\t\t\t\t\t<\/h4>\r\n\t\t\t\t<\/a>\r\n\t\t\t<\/div>\r\n\t\t\t<div id=\"collapseaccordion-iqjdm7-1\" class=\"panel-collapse collapse \" role=\"tabpanel\" aria-labelledby=\"headingcollapseaccordion-iqjdm7-1\" aria-expanded=\"false\">\r\n\t\t\t\t<div class=\"panel-body\">\r\n\t\t\t\t\t\n<p>Para melhor atend\u00ea-lo, temos parceria com a equipe da<strong> <a href=\"http:\/\/gappesagem.com.br\/\" target=\"_blank\" rel=\"noopener noreferrer\">GAP Solu\u00e7\u00f5es Industriais<\/a><\/strong>.<\/p>\n<p><a href=\"https:\/\/gappesagem.com.br\/#ct24\" target=\"_blank\" rel=\"noopener noreferrer\"><strong><em>Fa\u00e7a Contato<\/em><\/strong><\/a><\/p>\n\r\n\t\t\t\t\t<div class=\"clear\"><\/div>\r\n\t\t\t\t<\/div>\r\n\t\t\t<\/div>\r\n\t\t<\/div> <\/div>\n<div class=\" accordion-rianif style1 magee-shortcode panel-group magee-accordion accordion-simple\" role=\"tablist\" aria-multiselectable=\"no\" id=\"accordion-rianif\"> <div class=\"panel panel-default \" id=\"panelaccordion-rianif-1\"><div class=\"panel-heading\" role=\"tab\" id=\"headingcollapseaccordion-rianif-1\">\r\n\t\t\t\t<a class=\"accordion-toggle collapsed\" data-toggle=\"collapse\" data-parent=\"#accordion-rianif\" href=\"#collapseaccordion-rianif-1\" aria-expanded=\"false\" aria-controls=\"collapseaccordion-rianif-1\">\r\n\t\t\t\t\t<h4 class=\"panel-title\">\r\n\t\t\t\t\t\t\tBalan\u00e7as\r\n\t\t\t\t\t<\/h4>\r\n\t\t\t\t<\/a>\r\n\t\t\t<\/div>\r\n\t\t\t<div id=\"collapseaccordion-rianif-1\" class=\"panel-collapse collapse \" role=\"tabpanel\" aria-labelledby=\"headingcollapseaccordion-rianif-1\" aria-expanded=\"false\">\r\n\t\t\t\t<div class=\"panel-body\">\r\n\t\t\t\t\t\n<ul>\n<li>Integradoras<\/li>\n<li>Big-Bag<\/li>\n<li>Carga Viva<\/li>\n<li>Rodovi\u00e1rias<\/li>\n<li>Ferrovi\u00e1rias<\/li>\n<li>Industriais de bancada e de plataforma (piso)<\/li>\n<li>Especiais customizadas<\/li>\n<li>Paleteiras<\/li>\n<\/ul>\n<p>Para melhor atend\u00ea-lo, temos parceria com a equipe da<strong> <a href=\"http:\/\/gappesagem.com.br\/\" target=\"_blank\" rel=\"noopener noreferrer\">GAP Solu\u00e7\u00f5es Industriais<\/a><\/strong>.<\/p>\n<p><a href=\"https:\/\/gappesagem.com.br\/#ct24\" target=\"_blank\" rel=\"noopener noreferrer\"><strong><em>Fa\u00e7a Contato<\/em><\/strong><\/a><\/p>\n\r\n\t\t\t\t\t<div class=\"clear\"><\/div>\r\n\t\t\t\t<\/div>\r\n\t\t\t<\/div>\r\n\t\t<\/div> <\/div>\n<p>&nbsp;<\/p>\n<p>Eleva\u00e7\u00e3o de Cargas<br \/>\n<div class=\" accordion-gl4436 style1 magee-shortcode panel-group magee-accordion accordion-simple\" role=\"tablist\" aria-multiselectable=\"no\" id=\"accordion-gl4436\"> <div class=\"panel panel-default \" id=\"panelaccordion-gl4436-1\"><div class=\"panel-heading\" role=\"tab\" id=\"headingcollapseaccordion-gl4436-1\">\r\n\t\t\t\t<a class=\"accordion-toggle collapsed\" data-toggle=\"collapse\" data-parent=\"#accordion-gl4436\" href=\"#collapseaccordion-gl4436-1\" aria-expanded=\"false\" aria-controls=\"collapseaccordion-gl4436-1\">\r\n\t\t\t\t\t<h4 class=\"panel-title\">\r\n\t\t\t\t\t\t\tMedi\u00e7\u00e3o e Monitoramento de For\u00e7a \/ Peso em Eleva\u00e7\u00e3o de Cargas\r\n\t\t\t\t\t<\/h4>\r\n\t\t\t\t<\/a>\r\n\t\t\t<\/div>\r\n\t\t\t<div id=\"collapseaccordion-gl4436-1\" class=\"panel-collapse collapse \" role=\"tabpanel\" aria-labelledby=\"headingcollapseaccordion-gl4436-1\" aria-expanded=\"false\">\r\n\t\t\t\t<div class=\"panel-body\">\r\n\t\t\t\t\t\n<p>Para melhor atend\u00ea-lo, temos parceria com a equipe da<strong> <a href=\"http:\/\/gappesagem.com.br\/\" target=\"_blank\" rel=\"noopener noreferrer\">GAP Solu\u00e7\u00f5es Industriais<\/a><\/strong>.<\/p>\n<p>Clique na op\u00e7\u00e3o desejada e acesse as informa\u00e7\u00f5es:<\/p>\n<ul>\n<li><a href=\"https:\/\/gappesagem.com.br\/eixos-dinamometricos\/\" target=\"_blank\" rel=\"noopener noreferrer\">Eixos Dinamom\u00e9tricos<\/a><\/li>\n<li><a href=\"https:\/\/gappesagem.com.br\/celula-de-carga-para-tracao-com-ou-sem-cabo\/\" target=\"_blank\" rel=\"noopener noreferrer\">C\u00e9lulas de Carga para tra\u00e7\u00e3o com e sem fio<\/a><\/li>\n<li><a href=\"https:\/\/gappesagem.com.br\/seguranca-para-guindastes-e-pontes-rolantes\/\" target=\"_blank\" rel=\"noopener noreferrer\">Seguran\u00e7a para Guindastes, Guinchos e Pontes Rolantes<\/a><\/li>\n<li><a href=\"https:\/\/gappesagem.com.br\/sistemas-de-medicao-de-tensao-de-cabos\/\" target=\"_blank\" rel=\"noopener noreferrer\">Sistemas de Medi\u00e7\u00e3o de Tens\u00e3o em Cabos<\/a><\/li>\n<li><a href=\"https:\/\/gappesagem.com.br\/limitador-de-carga-mecanico\/\" target=\"_blank\" rel=\"noopener noreferrer\">Limitador de Carga Mec\u00e2nico<\/a><\/li>\n<\/ul>\n\r\n\t\t\t\t\t<div class=\"clear\"><\/div>\r\n\t\t\t\t<\/div>\r\n\t\t\t<\/div>\r\n\t\t<\/div> <\/div><\/p>\n<p>&nbsp;<\/p>\n<p>Medi\u00e7\u00e3o e Monitoramento de For\u00e7as<br \/>\n<div class=\" accordion-4gdgny style1 magee-shortcode panel-group magee-accordion accordion-simple\" role=\"tablist\" aria-multiselectable=\"no\" id=\"accordion-4gdgny\"> <div class=\"panel panel-default \" id=\"panelaccordion-4gdgny-1\"><div class=\"panel-heading\" role=\"tab\" id=\"headingcollapseaccordion-4gdgny-1\">\r\n\t\t\t\t<a class=\"accordion-toggle collapsed\" data-toggle=\"collapse\" data-parent=\"#accordion-4gdgny\" href=\"#collapseaccordion-4gdgny-1\" aria-expanded=\"false\" aria-controls=\"collapseaccordion-4gdgny-1\">\r\n\t\t\t\t\t<h4 class=\"panel-title\">\r\n\t\t\t\t\t\t\tMedi\u00e7\u00e3o e Monitoramento de For\u00e7as\r\n\t\t\t\t\t<\/h4>\r\n\t\t\t\t<\/a>\r\n\t\t\t<\/div>\r\n\t\t\t<div id=\"collapseaccordion-4gdgny-1\" class=\"panel-collapse collapse \" role=\"tabpanel\" aria-labelledby=\"headingcollapseaccordion-4gdgny-1\" aria-expanded=\"false\">\r\n\t\t\t\t<div class=\"panel-body\">\r\n\t\t\t\t\t\n<p>Para melhor atend\u00ea-lo, temos parceria com a equipe da<strong> <a href=\"http:\/\/gappesagem.com.br\/\" target=\"_blank\" rel=\"noopener noreferrer\">GAP Solu\u00e7\u00f5es Industriais<\/a><\/strong>.<\/p>\n<p>Clique na op\u00e7\u00e3o desejada e acesse as informa\u00e7\u00f5es:<\/p>\n<ul>\n<li><a href=\"https:\/\/gappesagem.com.br\/medicao-de-forcas-em-maquinas\/\" target=\"_blank\" rel=\"noopener noreferrer\">M\u00e1quinas de Ensaios Mec\u00e2nicos e Testes de Materiais e Estruturas<\/a><\/li>\n<li><a href=\"https:\/\/gappesagem.com.br\/medicao-de-tensao-em-processos-continuos-web-tension\/\" target=\"_blank\" rel=\"noopener noreferrer\">Medi\u00e7\u00e3o de Tens\u00e3o em Processos Cont\u00ednuos<\/a><\/li>\n<li><a href=\"http:\/\/gappesagem.com.br\/medicao-de-forcas-em-maquinas\/\" target=\"_blank\" rel=\"noopener noreferrer\">Medi\u00e7\u00e3o de For\u00e7as em M\u00e1quinas, Automatiza\u00e7\u00e3o e Controle de Processos<\/a><\/li>\n<\/ul>\n\r\n\t\t\t\t\t<div class=\"clear\"><\/div>\r\n\t\t\t\t<\/div>\r\n\t\t\t<\/div>\r\n\t\t<\/div> <\/div><\/p>\n<p>&nbsp;<\/p>\n","protected":false},"excerpt":{"rendered":"<p>C\u00e9lulas de Carga \/ Sensores de For\u00e7a &nbsp; Pesagem Industrial &nbsp; Eleva\u00e7\u00e3o de Cargas &nbsp; Medi\u00e7\u00e3o e Monitoramento de For\u00e7as &nbsp;<\/p>\n","protected":false},"author":1,"featured_media":0,"parent":0,"menu_order":0,"comment_status":"closed","ping_status":"closed","template":"","meta":{"om_disable_all_campaigns":false,"_monsterinsights_skip_tracking":false,"_monsterinsights_sitenote_active":false,"_monsterinsights_sitenote_note":"","_monsterinsights_sitenote_category":0,"_joinchat":[],"footnotes":""},"class_list":["post-720","page","type-page","status-publish","hentry"],"aioseo_notices":[],"_links":{"self":[{"href":"http:\/\/celuladecarga.com.br\/17\/wp-json\/wp\/v2\/pages\/720","targetHints":{"allow":["GET"]}}],"collection":[{"href":"http:\/\/celuladecarga.com.br\/17\/wp-json\/wp\/v2\/pages"}],"about":[{"href":"http:\/\/celuladecarga.com.br\/17\/wp-json\/wp\/v2\/types\/page"}],"author":[{"embeddable":true,"href":"http:\/\/celuladecarga.com.br\/17\/wp-json\/wp\/v2\/users\/1"}],"replies":[{"embeddable":true,"href":"http:\/\/celuladecarga.com.br\/17\/wp-json\/wp\/v2\/comments?post=720"}],"version-history":[{"count":9,"href":"http:\/\/celuladecarga.com.br\/17\/wp-json\/wp\/v2\/pages\/720\/revisions"}],"predecessor-version":[{"id":1348,"href":"http:\/\/celuladecarga.com.br\/17\/wp-json\/wp\/v2\/pages\/720\/revisions\/1348"}],"wp:attachment":[{"href":"http:\/\/celuladecarga.com.br\/17\/wp-json\/wp\/v2\/media?parent=720"}],"curies":[{"name":"wp","href":"https:\/\/api.w.org\/{rel}","templated":true}]}}